{"id":168,"date":"2015-04-17T17:22:23","date_gmt":"2015-04-17T16:22:23","guid":{"rendered":"http:\/\/www.tricon.it\/?page_id=168"},"modified":"2015-05-18T11:07:32","modified_gmt":"2015-05-18T10:07:32","slug":"porsche-zentrum-zurich-schlieren","status":"publish","type":"page","link":"http:\/\/www.tricon.it\/de\/referenzen\/porsche-zentrum-zurich-schlieren\/","title":{"rendered":"Porsche Zentrum Z\u00fcrich-Schlieren"},"content":{"rendered":"<p>[vc_row][vc_column width=&#8220;1\/2&#8243;][vc_column_text]<\/p>\n<div class=\"my_video\">Das neue Porsche Zentrum in Z\u00fcrich-Schlieren verf\u00fcgt \u00fcber eine integrierte<\/div>\n<p>Carrosserieanlage der Marke TRICON mit absolut modernster und wegweisender<br \/>\nTechnik. Die Projektkoordination wurde durch die ESA wahrgenommen,<br \/>\nwelche die Produkte von TRICON in der Schweiz vertreibt. Pascal Haller,<br \/>\nLeiter Carrosserie, hat sich f\u00fcr ein Interview bereit erkl\u00e4rt.<\/p>\n<p><strong>Welches sind die technischen Vorteile der neuen Lackieranlage von TRICON?<\/strong><\/p>\n<p>Ein absolutes Highlight ist die mitdenkende Kabinensteuerung. Ein integriertes Computersystem<br \/>\nregistriert die verschiedenen Arbeiten wie Schleifen oder Lackieren und dosiert<br \/>\ndas Luftvolumen auf die entsprechenden Arbeitspl\u00e4tze mit vorprogrammierter TemperaturundweiterenFunktionenvollautomatisch.<br \/>\nManmussimPrinzipnurnochdasLicht<br \/>\neinschalten, der Rest l\u00e4uft von alleine. Das automatisierte Ein- und Ausschalten der<br \/>\nAnlagespartzudemteureEnergie. Schliesslicherinnerteineausgekl\u00fcgelteSoftwareden<br \/>\nBetreiber an der Anlage selber sowie via E-Mail \u00fcber n\u00f6tige Wartungsarbeiten, welche<br \/>\ninnerhalb einer vorgegebenen Zeit erledigt werden m\u00fcssen.<\/p>\n<p>BesondersstolzsindwiraufdenvollautomatischenINFRARR-Trocknungsbogen, mit<br \/>\nwelchem wir Schweizer Premiere feiern durften. Mit dieser genialen Technologie trocknet<br \/>\nzumBeispieleineGanzlackierunginnur25Minuten\u2013 fastdoppeltsoschnellwienach<br \/>\ntraditionellem Luftverfahren.<\/p>\n<p><strong>Weshalb hat sich die Unternehmung entschieden, die Lackieranlagen von der<\/strong><br \/>\n<strong> ESA zu beziehen und wie haben Sie die Zusammenarbeit mit der ESA erlebt?<\/strong><\/p>\n<p>Es gibt viele gute Lackieranlagen auf dem Markt mit \u00e4hnlichem Preis-Leistungs-Verh\u00e4ltnis.<br \/>\nUnswaren, nebenderProduktqualit\u00e4tunddemPreis, besondersderSupportundder<br \/>\nKundenservice ein grosses Anliegen. Bei der ESA stimmte einfach alles.<br \/>\nDie Zusammenarbeit mit der ESA w\u00e4hrend des Projektverlaufs war hervorragend. Dank<br \/>\nder langj\u00e4hrigen Erfahrung der ESA konnten viele Konflikte schon im Voraus vermieden<br \/>\nwerden. WenndennochetwasnichtnachPlanlief, warenderProjektleiterundseinTeam<br \/>\nsoforterreichbarundl\u00f6stendenKonfliktohneVerz\u00f6gerung; wirklicheineTop-Unterst\u00fctzung<br \/>\nund ein echter, zuverl\u00e4ssiger Partner.<\/p>\n<h2><\/h2>\n<p>[\/vc_column_text][\/vc_column][vc_column width=&#8220;1\/2&#8243;][vc_column_text]<strong>Gab es gr\u00f6ssere Schwierigkeiten und wie konnten diese gel\u00f6st werden?<\/strong><\/p>\n<p>Der abgerundete Grundriss des Geb\u00e4udes war von Anfang an eine Herausforderung.<br \/>\nDie TRICON-Lackieranlagen wurden nicht in einer Standardvariante verbaut, sondern<br \/>\nmussten den baulichen Gegebenheiten angepasst werden. Wie es bei einem Bau vorkommenkann,<br \/>\nhaben die Baupl\u00e4ne mehrmals ge\u00e4ndert. Sowurde das Geb\u00e4ude nachtr\u00e4glichumca.<br \/>\n20% verkleinert. AuchstanddieESAbereitundliefertekompetentund<br \/>\nspeditivL\u00f6sungen. Ein \u00abGehtnicht!\u00bb gabesnie. UnsereAnlagenbzw. Arbeitspl\u00e4tze<br \/>\nwurden auf unsere Infrastruktur zugeschnitten.<\/p>\n<p><strong>Warum w\u00fcrden Sie die ESA als Partnerin im Carrosseriebereich<\/strong><br \/>\n<strong> weiterempfehlen?<\/strong><\/p>\n<p>Michpers\u00f6nlichbeeindrucktenbeiderESAbesondersdiel\u00f6sungsorientierteUnterst\u00fctzung, das gute Preis-Leistungs-Verh\u00e4ltnis und die direkte Kommunikation ohne Sch\u00f6nrederei.[\/vc_column_text][vc_gallery type=&#8220;flexslider_fade&#8220; interval=&#8220;3&#8243; images=&#8220;400,399,398,467,469,470&#8243; onclick=&#8220;link_image&#8220; custom_links_target=&#8220;_self&#8220; img_size=&#8220;900&#215;600&#8243;][\/vc_column][\/vc_row]<\/p>\n","protected":false},"excerpt":{"rendered":"<p>[vc_row][vc_column width=&#8220;1\/2&#8243;][vc_column_text]<\/p>\n<p> Das neue Porsche Zentrum in Z\u00fcrich-Schlieren verf\u00fcgt \u00fcber eine integrierte <\/p>\n<p>Carrosserieanlage der Marke TRICON mit absolut modernster und wegweisender<br \/> Technik. Die Projektkoordination wurde durch die ESA wahrgenommen,<br \/> welche die Produkte von TRICON in der Schweiz vertreibt. Pascal Haller,<br \/> Leiter Carrosserie, hat sich f\u00fcr ein Interview bereit erkl\u00e4rt.<\/p>\n<p><strong>Welches sind die technischen Vorteile der neuen Lackieranlage von TRICON?<\/strong><\/p>\n<p>Ein absolutes Highlight ist die mitdenkende Kabinensteuerung. Ein integriertes Computersystem<br \/> registriert die verschiedenen Arbeiten wie Schleifen oder Lackieren und dosiert<br \/> das Luftvolumen auf die entsprechenden Arbeitspl\u00e4tze mit vorprogrammierter TemperaturundweiterenFunktionenvollautomatisch.<br \/> ManmussimPrinzipnurnochdasLicht<br \/> einschalten, der Rest l\u00e4uft von alleine. Das automatisierte Ein- und Ausschalten der<br \/> AnlagespartzudemteureEnergie. Schliesslicherinnerteineausgekl\u00fcgelteSoftwareden<br \/> Betreiber an der Anlage selber sowie via E-Mail \u00fcber n\u00f6tige Wartungsarbeiten, welche<br \/> innerhalb einer vorgegebenen Zeit erledigt werden m\u00fcssen.<\/p>\n<p>BesondersstolzsindwiraufdenvollautomatischenINFRARR-Trocknungsbogen, mit<br \/> welchem wir Schweizer Premiere feiern durften. Mit dieser genialen Technologie trocknet<br \/> zumBeispieleineGanzlackierunginnur25Minuten\u2013 fastdoppeltsoschnellwienach<br \/> traditionellem Luftverfahren.<\/p>\n<p><strong>Weshalb hat sich [&#8230;]<\/strong><\/p>\n","protected":false},"author":3,"featured_media":0,"parent":180,"menu_order":0,"comment_status":"closed","ping_status":"closed","template":"","meta":{"_mi_skip_tracking":false,"_monsterinsights_sitenote_active":false,"_monsterinsights_sitenote_note":"","_monsterinsights_sitenote_category":0},"yoast_head":"<!-- This site is optimized with the Yoast SEO plugin v19.14 - https:\/\/yoast.com\/wordpress\/plugins\/seo\/ -->\n<title>Porsche Zentrum Z\u00fcrich-Schlieren -<\/title>\n<meta name=\"robots\" content=\"index, follow, max-snippet:-1, max-image-preview:large, max-video-preview:-1\" \/>\n<link rel=\"canonical\" href=\"http:\/\/www.tricon.it\/de\/referenzen\/porsche-zentrum-zurich-schlieren\/\" \/>\n<meta property=\"og:locale\" content=\"de_DE\" \/>\n<meta property=\"og:type\" content=\"article\" \/>\n<meta property=\"og:title\" content=\"Porsche Zentrum Z\u00fcrich-Schlieren -\" \/>\n<meta property=\"og:description\" content=\"[vc_row][vc_column width=&#8220;1\/2&#8243;][vc_column_text] Das neue Porsche Zentrum in Z\u00fcrich-Schlieren verf\u00fcgt \u00fcber eine integrierte Carrosserieanlage der Marke TRICON mit absolut modernster und wegweisender Technik. Die Projektkoordination wurde durch die ESA wahrgenommen, welche die Produkte von TRICON in der Schweiz vertreibt. Pascal Haller, Leiter Carrosserie, hat sich f\u00fcr ein Interview bereit erkl\u00e4rt. Welches sind die technischen Vorteile der neuen Lackieranlage von TRICON? Ein absolutes Highlight ist die mitdenkende Kabinensteuerung. Ein integriertes Computersystem registriert die verschiedenen Arbeiten wie Schleifen oder Lackieren und dosiert das Luftvolumen auf die entsprechenden Arbeitspl\u00e4tze mit vorprogrammierter TemperaturundweiterenFunktionenvollautomatisch. ManmussimPrinzipnurnochdasLicht einschalten, der Rest l\u00e4uft von alleine. Das automatisierte Ein- und Ausschalten der AnlagespartzudemteureEnergie. Schliesslicherinnerteineausgekl\u00fcgelteSoftwareden Betreiber an der Anlage selber sowie via E-Mail \u00fcber n\u00f6tige Wartungsarbeiten, welche innerhalb einer vorgegebenen Zeit erledigt werden m\u00fcssen. BesondersstolzsindwiraufdenvollautomatischenINFRARR-Trocknungsbogen, mit welchem wir Schweizer Premiere feiern durften. Mit dieser genialen Technologie trocknet zumBeispieleineGanzlackierunginnur25Minuten\u2013 fastdoppeltsoschnellwienach traditionellem Luftverfahren. Weshalb hat sich [...]\" \/>\n<meta property=\"og:url\" content=\"http:\/\/www.tricon.it\/de\/referenzen\/porsche-zentrum-zurich-schlieren\/\" \/>\n<meta property=\"article:modified_time\" content=\"2015-05-18T10:07:32+00:00\" \/>\n<meta name=\"twitter:label1\" content=\"Gesch\u00e4tzte Lesezeit\" \/>\n\t<meta name=\"twitter:data1\" content=\"2\u00a0Minuten\" \/>\n<script type=\"application\/ld+json\" class=\"yoast-schema-graph\">{\"@context\":\"https:\/\/schema.org\",\"@graph\":[{\"@type\":\"WebPage\",\"@id\":\"http:\/\/www.tricon.it\/de\/referenzen\/porsche-zentrum-zurich-schlieren\/\",\"url\":\"http:\/\/www.tricon.it\/de\/referenzen\/porsche-zentrum-zurich-schlieren\/\",\"name\":\"Porsche Zentrum Z\u00fcrich-Schlieren -\",\"isPartOf\":{\"@id\":\"http:\/\/www.tricon.it\/#website\"},\"datePublished\":\"2015-04-17T16:22:23+00:00\",\"dateModified\":\"2015-05-18T10:07:32+00:00\",\"breadcrumb\":{\"@id\":\"http:\/\/www.tricon.it\/de\/referenzen\/porsche-zentrum-zurich-schlieren\/#breadcrumb\"},\"inLanguage\":\"de\",\"potentialAction\":[{\"@type\":\"ReadAction\",\"target\":[\"http:\/\/www.tricon.it\/de\/referenzen\/porsche-zentrum-zurich-schlieren\/\"]}]},{\"@type\":\"BreadcrumbList\",\"@id\":\"http:\/\/www.tricon.it\/de\/referenzen\/porsche-zentrum-zurich-schlieren\/#breadcrumb\",\"itemListElement\":[{\"@type\":\"ListItem\",\"position\":1,\"name\":\"Home\",\"item\":\"http:\/\/www.tricon.it\/de\/\"},{\"@type\":\"ListItem\",\"position\":2,\"name\":\"Referenzen\",\"item\":\"https:\/\/www.tricon.it\/de\/referenzen\/\"},{\"@type\":\"ListItem\",\"position\":3,\"name\":\"Porsche Zentrum Z\u00fcrich-Schlieren\"}]},{\"@type\":\"WebSite\",\"@id\":\"http:\/\/www.tricon.it\/#website\",\"url\":\"http:\/\/www.tricon.it\/\",\"name\":\"\",\"description\":\"\",\"publisher\":{\"@id\":\"http:\/\/www.tricon.it\/#organization\"},\"potentialAction\":[{\"@type\":\"SearchAction\",\"target\":{\"@type\":\"EntryPoint\",\"urlTemplate\":\"http:\/\/www.tricon.it\/?s={search_term_string}\"},\"query-input\":\"required name=search_term_string\"}],\"inLanguage\":\"de\"},{\"@type\":\"Organization\",\"@id\":\"http:\/\/www.tricon.it\/#organization\",\"name\":\"TRICON Impianti di verniciatura\",\"url\":\"http:\/\/www.tricon.it\/\",\"logo\":{\"@type\":\"ImageObject\",\"inLanguage\":\"de\",\"@id\":\"http:\/\/www.tricon.it\/#\/schema\/logo\/image\/\",\"url\":\"http:\/\/www.tricon.it\/wp-content\/uploads\/2015\/04\/LOGO-Tricon65hv2.png\",\"contentUrl\":\"http:\/\/www.tricon.it\/wp-content\/uploads\/2015\/04\/LOGO-Tricon65hv2.png\",\"width\":116,\"height\":65,\"caption\":\"TRICON Impianti di verniciatura\"},\"image\":{\"@id\":\"http:\/\/www.tricon.it\/#\/schema\/logo\/image\/\"}}]}<\/script>\n<!-- \/ Yoast SEO plugin. -->","yoast_head_json":{"title":"Porsche Zentrum Z\u00fcrich-Schlieren -","robots":{"index":"index","follow":"follow","max-snippet":"max-snippet:-1","max-image-preview":"max-image-preview:large","max-video-preview":"max-video-preview:-1"},"canonical":"http:\/\/www.tricon.it\/de\/referenzen\/porsche-zentrum-zurich-schlieren\/","og_locale":"de_DE","og_type":"article","og_title":"Porsche Zentrum Z\u00fcrich-Schlieren -","og_description":"[vc_row][vc_column width=&#8220;1\/2&#8243;][vc_column_text] Das neue Porsche Zentrum in Z\u00fcrich-Schlieren verf\u00fcgt \u00fcber eine integrierte Carrosserieanlage der Marke TRICON mit absolut modernster und wegweisender Technik. Die Projektkoordination wurde durch die ESA wahrgenommen, welche die Produkte von TRICON in der Schweiz vertreibt. Pascal Haller, Leiter Carrosserie, hat sich f\u00fcr ein Interview bereit erkl\u00e4rt. Welches sind die technischen Vorteile der neuen Lackieranlage von TRICON? Ein absolutes Highlight ist die mitdenkende Kabinensteuerung. Ein integriertes Computersystem registriert die verschiedenen Arbeiten wie Schleifen oder Lackieren und dosiert das Luftvolumen auf die entsprechenden Arbeitspl\u00e4tze mit vorprogrammierter TemperaturundweiterenFunktionenvollautomatisch. ManmussimPrinzipnurnochdasLicht einschalten, der Rest l\u00e4uft von alleine. Das automatisierte Ein- und Ausschalten der AnlagespartzudemteureEnergie. Schliesslicherinnerteineausgekl\u00fcgelteSoftwareden Betreiber an der Anlage selber sowie via E-Mail \u00fcber n\u00f6tige Wartungsarbeiten, welche innerhalb einer vorgegebenen Zeit erledigt werden m\u00fcssen. BesondersstolzsindwiraufdenvollautomatischenINFRARR-Trocknungsbogen, mit welchem wir Schweizer Premiere feiern durften. Mit dieser genialen Technologie trocknet zumBeispieleineGanzlackierunginnur25Minuten\u2013 fastdoppeltsoschnellwienach traditionellem Luftverfahren. Weshalb hat sich [...]","og_url":"http:\/\/www.tricon.it\/de\/referenzen\/porsche-zentrum-zurich-schlieren\/","article_modified_time":"2015-05-18T10:07:32+00:00","twitter_misc":{"Gesch\u00e4tzte Lesezeit":"2\u00a0Minuten"},"schema":{"@context":"https:\/\/schema.org","@graph":[{"@type":"WebPage","@id":"http:\/\/www.tricon.it\/de\/referenzen\/porsche-zentrum-zurich-schlieren\/","url":"http:\/\/www.tricon.it\/de\/referenzen\/porsche-zentrum-zurich-schlieren\/","name":"Porsche Zentrum Z\u00fcrich-Schlieren -","isPartOf":{"@id":"http:\/\/www.tricon.it\/#website"},"datePublished":"2015-04-17T16:22:23+00:00","dateModified":"2015-05-18T10:07:32+00:00","breadcrumb":{"@id":"http:\/\/www.tricon.it\/de\/referenzen\/porsche-zentrum-zurich-schlieren\/#breadcrumb"},"inLanguage":"de","potentialAction":[{"@type":"ReadAction","target":["http:\/\/www.tricon.it\/de\/referenzen\/porsche-zentrum-zurich-schlieren\/"]}]},{"@type":"BreadcrumbList","@id":"http:\/\/www.tricon.it\/de\/referenzen\/porsche-zentrum-zurich-schlieren\/#breadcrumb","itemListElement":[{"@type":"ListItem","position":1,"name":"Home","item":"http:\/\/www.tricon.it\/de\/"},{"@type":"ListItem","position":2,"name":"Referenzen","item":"https:\/\/www.tricon.it\/de\/referenzen\/"},{"@type":"ListItem","position":3,"name":"Porsche Zentrum Z\u00fcrich-Schlieren"}]},{"@type":"WebSite","@id":"http:\/\/www.tricon.it\/#website","url":"http:\/\/www.tricon.it\/","name":"","description":"","publisher":{"@id":"http:\/\/www.tricon.it\/#organization"},"potentialAction":[{"@type":"SearchAction","target":{"@type":"EntryPoint","urlTemplate":"http:\/\/www.tricon.it\/?s={search_term_string}"},"query-input":"required name=search_term_string"}],"inLanguage":"de"},{"@type":"Organization","@id":"http:\/\/www.tricon.it\/#organization","name":"TRICON Impianti di verniciatura","url":"http:\/\/www.tricon.it\/","logo":{"@type":"ImageObject","inLanguage":"de","@id":"http:\/\/www.tricon.it\/#\/schema\/logo\/image\/","url":"http:\/\/www.tricon.it\/wp-content\/uploads\/2015\/04\/LOGO-Tricon65hv2.png","contentUrl":"http:\/\/www.tricon.it\/wp-content\/uploads\/2015\/04\/LOGO-Tricon65hv2.png","width":116,"height":65,"caption":"TRICON Impianti di verniciatura"},"image":{"@id":"http:\/\/www.tricon.it\/#\/schema\/logo\/image\/"}}]}},"_links":{"self":[{"href":"http:\/\/www.tricon.it\/de\/wp-json\/wp\/v2\/pages\/168"}],"collection":[{"href":"http:\/\/www.tricon.it\/de\/wp-json\/wp\/v2\/pages"}],"about":[{"href":"http:\/\/www.tricon.it\/de\/wp-json\/wp\/v2\/types\/page"}],"author":[{"embeddable":true,"href":"http:\/\/www.tricon.it\/de\/wp-json\/wp\/v2\/users\/3"}],"replies":[{"embeddable":true,"href":"http:\/\/www.tricon.it\/de\/wp-json\/wp\/v2\/comments?post=168"}],"version-history":[{"count":5,"href":"http:\/\/www.tricon.it\/de\/wp-json\/wp\/v2\/pages\/168\/revisions"}],"predecessor-version":[{"id":588,"href":"http:\/\/www.tricon.it\/de\/wp-json\/wp\/v2\/pages\/168\/revisions\/588"}],"up":[{"embeddable":true,"href":"http:\/\/www.tricon.it\/de\/wp-json\/wp\/v2\/pages\/180"}],"wp:attachment":[{"href":"http:\/\/www.tricon.it\/de\/wp-json\/wp\/v2\/media?parent=168"}],"curies":[{"name":"wp","href":"https:\/\/api.w.org\/{rel}","templated":true}]}}