{"id":150,"date":"2015-04-17T17:14:36","date_gmt":"2015-04-17T16:14:36","guid":{"rendered":"http:\/\/www.tricon.it\/?page_id=150"},"modified":"2015-05-18T09:50:17","modified_gmt":"2015-05-18T08:50:17","slug":"metallbau-industrie","status":"publish","type":"page","link":"http:\/\/www.tricon.it\/de\/spritzanlagen\/industrie\/metallbau-industrie\/","title":{"rendered":"Metallbau-Industrie"},"content":{"rendered":"<p>[vc_row][vc_column width=&#8220;1\/1&#8243;][vc_column_text]<\/p>\n<h3>INTEGRIERTE SYSTEML&Ouml;SUNGEN F&Uuml;R DIE LACKIERUNG VON SPEZIELLEN ELEMENTEN ODER VON TEILEN MIT BESONDEREN MASSEN<\/h3>\n<p>[\/vc_column_text][\/vc_column][\/vc_row][vc_row][vc_column][vc_column_text]Um eine optimale Lackierung auch im Bereich Metallbau-Industrie zu erreichen hat die Firma TRICON leistungsf\u00e4hige L&ouml;sungen entwickelt, wie: Stahl-W&auml;rmetauscher, Gas- und &Ouml;lbrenner mit direkter sowie indirekter Befeuerung, sowie Warmwasser-Systeme.<br \/>\nBeleuchtung: Deckenkassetten, schr\u00e4g oder eben; in der Seitenwand integrierte Kassetten oder senkrechte Eckleuchte \u00e0 4 oder 6 Neonr\u00f6hren.<br \/>\nWagen Br&uuml;cken, Hub- und Arbeitsb&uuml;hnen sind weitere Austattungsmerkmale, die in die Anlagen TRICON integriert werden k\u00f6nnen:  L&ouml;sungen, die unsere Kompetenz und Zuverl\u00e4ssigkeit best&auml;tigen.[\/vc_column_text][\/vc_column][\/vc_row]<\/p>\n","protected":false},"excerpt":{"rendered":"<p>[vc_row][vc_column width=&#8220;1\/1&#8243;][vc_column_text]<\/p>\n<p> INTEGRIERTE SYSTEML&Ouml;SUNGEN F&Uuml;R DIE LACKIERUNG VON SPEZIELLEN ELEMENTEN ODER VON TEILEN MIT BESONDEREN MASSEN <\/p>\n<p>[\/vc_column_text][\/vc_column][\/vc_row][vc_row][vc_column][vc_column_text]Um eine optimale Lackierung auch im Bereich Metallbau-Industrie zu erreichen hat die Firma TRICON leistungsf\u00e4hige L&ouml;sungen entwickelt, wie: Stahl-W&auml;rmetauscher, Gas- und &Ouml;lbrenner mit direkter sowie indirekter Befeuerung, sowie Warmwasser-Systeme.<br \/> Beleuchtung: Deckenkassetten, schr\u00e4g oder eben; in der Seitenwand integrierte Kassetten oder senkrechte Eckleuchte \u00e0 4 oder 6 Neonr\u00f6hren.<br \/> Wagen Br&uuml;cken, Hub- und Arbeitsb&uuml;hnen sind weitere Austattungsmerkmale, die in die Anlagen TRICON integriert werden k\u00f6nnen: L&ouml;sungen, die unsere Kompetenz und Zuverl\u00e4ssigkeit best&auml;tigen.[\/vc_column_text][\/vc_column][\/vc_row]<\/p>\n","protected":false},"author":3,"featured_media":0,"parent":178,"menu_order":0,"comment_status":"closed","ping_status":"closed","template":"","meta":{"_mi_skip_tracking":false,"_monsterinsights_sitenote_active":false,"_monsterinsights_sitenote_note":"","_monsterinsights_sitenote_category":0},"yoast_head":"<!-- This site is optimized with the Yoast SEO plugin v19.14 - https:\/\/yoast.com\/wordpress\/plugins\/seo\/ -->\n<title>Impianti di verniciatura industriale - Tricon<\/title>\n<meta name=\"description\" content=\"Soluzioni realizzate da TRICON nel campo degli impianti di verniciatura industriale. Scopri le soluzioni di verniciatura per l&#039;industria metalmeccanica.\" \/>\n<meta name=\"robots\" content=\"index, follow, max-snippet:-1, max-image-preview:large, max-video-preview:-1\" \/>\n<link rel=\"canonical\" href=\"http:\/\/www.tricon.it\/de\/spritzanlagen\/industrie\/metallbau-industrie\/\" \/>\n<meta property=\"og:locale\" content=\"de_DE\" \/>\n<meta property=\"og:type\" content=\"article\" \/>\n<meta property=\"og:title\" content=\"Impianti di verniciatura industriale - Tricon\" \/>\n<meta property=\"og:description\" content=\"Soluzioni realizzate da TRICON nel campo degli impianti di verniciatura industriale. Scopri le soluzioni di verniciatura per l&#039;industria metalmeccanica.\" \/>\n<meta property=\"og:url\" content=\"http:\/\/www.tricon.it\/de\/spritzanlagen\/industrie\/metallbau-industrie\/\" \/>\n<meta property=\"article:modified_time\" content=\"2015-05-18T08:50:17+00:00\" \/>\n<meta name=\"twitter:label1\" content=\"Gesch\u00e4tzte Lesezeit\" \/>\n\t<meta name=\"twitter:data1\" content=\"1\u00a0Minute\" \/>\n<script type=\"application\/ld+json\" class=\"yoast-schema-graph\">{\"@context\":\"https:\/\/schema.org\",\"@graph\":[{\"@type\":\"WebPage\",\"@id\":\"http:\/\/www.tricon.it\/de\/spritzanlagen\/industrie\/metallbau-industrie\/\",\"url\":\"http:\/\/www.tricon.it\/de\/spritzanlagen\/industrie\/metallbau-industrie\/\",\"name\":\"Impianti di verniciatura industriale - Tricon\",\"isPartOf\":{\"@id\":\"http:\/\/www.tricon.it\/#website\"},\"datePublished\":\"2015-04-17T16:14:36+00:00\",\"dateModified\":\"2015-05-18T08:50:17+00:00\",\"description\":\"Soluzioni realizzate da TRICON nel campo degli impianti di verniciatura industriale. Scopri le soluzioni di verniciatura per l'industria metalmeccanica.\",\"breadcrumb\":{\"@id\":\"http:\/\/www.tricon.it\/de\/spritzanlagen\/industrie\/metallbau-industrie\/#breadcrumb\"},\"inLanguage\":\"de\",\"potentialAction\":[{\"@type\":\"ReadAction\",\"target\":[\"http:\/\/www.tricon.it\/de\/spritzanlagen\/industrie\/metallbau-industrie\/\"]}]},{\"@type\":\"BreadcrumbList\",\"@id\":\"http:\/\/www.tricon.it\/de\/spritzanlagen\/industrie\/metallbau-industrie\/#breadcrumb\",\"itemListElement\":[{\"@type\":\"ListItem\",\"position\":1,\"name\":\"Home\",\"item\":\"http:\/\/www.tricon.it\/de\/\"},{\"@type\":\"ListItem\",\"position\":2,\"name\":\"SPRITZANLAGEN\",\"item\":\"https:\/\/www.tricon.it\/de\/spritzanlagen\/\"},{\"@type\":\"ListItem\",\"position\":3,\"name\":\"Industrie\",\"item\":\"http:\/\/www.tricon.it\/de\/spritzanlagen\/industrie\/\"},{\"@type\":\"ListItem\",\"position\":4,\"name\":\"Metallbau-Industrie\"}]},{\"@type\":\"WebSite\",\"@id\":\"http:\/\/www.tricon.it\/#website\",\"url\":\"http:\/\/www.tricon.it\/\",\"name\":\"\",\"description\":\"\",\"publisher\":{\"@id\":\"http:\/\/www.tricon.it\/#organization\"},\"potentialAction\":[{\"@type\":\"SearchAction\",\"target\":{\"@type\":\"EntryPoint\",\"urlTemplate\":\"http:\/\/www.tricon.it\/?s={search_term_string}\"},\"query-input\":\"required name=search_term_string\"}],\"inLanguage\":\"de\"},{\"@type\":\"Organization\",\"@id\":\"http:\/\/www.tricon.it\/#organization\",\"name\":\"TRICON Impianti di verniciatura\",\"url\":\"http:\/\/www.tricon.it\/\",\"logo\":{\"@type\":\"ImageObject\",\"inLanguage\":\"de\",\"@id\":\"http:\/\/www.tricon.it\/#\/schema\/logo\/image\/\",\"url\":\"http:\/\/www.tricon.it\/wp-content\/uploads\/2015\/04\/LOGO-Tricon65hv2.png\",\"contentUrl\":\"http:\/\/www.tricon.it\/wp-content\/uploads\/2015\/04\/LOGO-Tricon65hv2.png\",\"width\":116,\"height\":65,\"caption\":\"TRICON Impianti di verniciatura\"},\"image\":{\"@id\":\"http:\/\/www.tricon.it\/#\/schema\/logo\/image\/\"}}]}<\/script>\n<!-- \/ Yoast SEO plugin. -->","yoast_head_json":{"title":"Impianti di verniciatura industriale - Tricon","description":"Soluzioni realizzate da TRICON nel campo degli impianti di verniciatura industriale. Scopri le soluzioni di verniciatura per l'industria metalmeccanica.","robots":{"index":"index","follow":"follow","max-snippet":"max-snippet:-1","max-image-preview":"max-image-preview:large","max-video-preview":"max-video-preview:-1"},"canonical":"http:\/\/www.tricon.it\/de\/spritzanlagen\/industrie\/metallbau-industrie\/","og_locale":"de_DE","og_type":"article","og_title":"Impianti di verniciatura industriale - Tricon","og_description":"Soluzioni realizzate da TRICON nel campo degli impianti di verniciatura industriale. Scopri le soluzioni di verniciatura per l'industria metalmeccanica.","og_url":"http:\/\/www.tricon.it\/de\/spritzanlagen\/industrie\/metallbau-industrie\/","article_modified_time":"2015-05-18T08:50:17+00:00","twitter_misc":{"Gesch\u00e4tzte Lesezeit":"1\u00a0Minute"},"schema":{"@context":"https:\/\/schema.org","@graph":[{"@type":"WebPage","@id":"http:\/\/www.tricon.it\/de\/spritzanlagen\/industrie\/metallbau-industrie\/","url":"http:\/\/www.tricon.it\/de\/spritzanlagen\/industrie\/metallbau-industrie\/","name":"Impianti di verniciatura industriale - Tricon","isPartOf":{"@id":"http:\/\/www.tricon.it\/#website"},"datePublished":"2015-04-17T16:14:36+00:00","dateModified":"2015-05-18T08:50:17+00:00","description":"Soluzioni realizzate da TRICON nel campo degli impianti di verniciatura industriale. Scopri le soluzioni di verniciatura per l'industria metalmeccanica.","breadcrumb":{"@id":"http:\/\/www.tricon.it\/de\/spritzanlagen\/industrie\/metallbau-industrie\/#breadcrumb"},"inLanguage":"de","potentialAction":[{"@type":"ReadAction","target":["http:\/\/www.tricon.it\/de\/spritzanlagen\/industrie\/metallbau-industrie\/"]}]},{"@type":"BreadcrumbList","@id":"http:\/\/www.tricon.it\/de\/spritzanlagen\/industrie\/metallbau-industrie\/#breadcrumb","itemListElement":[{"@type":"ListItem","position":1,"name":"Home","item":"http:\/\/www.tricon.it\/de\/"},{"@type":"ListItem","position":2,"name":"SPRITZANLAGEN","item":"https:\/\/www.tricon.it\/de\/spritzanlagen\/"},{"@type":"ListItem","position":3,"name":"Industrie","item":"http:\/\/www.tricon.it\/de\/spritzanlagen\/industrie\/"},{"@type":"ListItem","position":4,"name":"Metallbau-Industrie"}]},{"@type":"WebSite","@id":"http:\/\/www.tricon.it\/#website","url":"http:\/\/www.tricon.it\/","name":"","description":"","publisher":{"@id":"http:\/\/www.tricon.it\/#organization"},"potentialAction":[{"@type":"SearchAction","target":{"@type":"EntryPoint","urlTemplate":"http:\/\/www.tricon.it\/?s={search_term_string}"},"query-input":"required name=search_term_string"}],"inLanguage":"de"},{"@type":"Organization","@id":"http:\/\/www.tricon.it\/#organization","name":"TRICON Impianti di verniciatura","url":"http:\/\/www.tricon.it\/","logo":{"@type":"ImageObject","inLanguage":"de","@id":"http:\/\/www.tricon.it\/#\/schema\/logo\/image\/","url":"http:\/\/www.tricon.it\/wp-content\/uploads\/2015\/04\/LOGO-Tricon65hv2.png","contentUrl":"http:\/\/www.tricon.it\/wp-content\/uploads\/2015\/04\/LOGO-Tricon65hv2.png","width":116,"height":65,"caption":"TRICON Impianti di verniciatura"},"image":{"@id":"http:\/\/www.tricon.it\/#\/schema\/logo\/image\/"}}]}},"_links":{"self":[{"href":"http:\/\/www.tricon.it\/de\/wp-json\/wp\/v2\/pages\/150"}],"collection":[{"href":"http:\/\/www.tricon.it\/de\/wp-json\/wp\/v2\/pages"}],"about":[{"href":"http:\/\/www.tricon.it\/de\/wp-json\/wp\/v2\/types\/page"}],"author":[{"embeddable":true,"href":"http:\/\/www.tricon.it\/de\/wp-json\/wp\/v2\/users\/3"}],"replies":[{"embeddable":true,"href":"http:\/\/www.tricon.it\/de\/wp-json\/wp\/v2\/comments?post=150"}],"version-history":[{"count":2,"href":"http:\/\/www.tricon.it\/de\/wp-json\/wp\/v2\/pages\/150\/revisions"}],"predecessor-version":[{"id":574,"href":"http:\/\/www.tricon.it\/de\/wp-json\/wp\/v2\/pages\/150\/revisions\/574"}],"up":[{"embeddable":true,"href":"http:\/\/www.tricon.it\/de\/wp-json\/wp\/v2\/pages\/178"}],"wp:attachment":[{"href":"http:\/\/www.tricon.it\/de\/wp-json\/wp\/v2\/media?parent=150"}],"curies":[{"name":"wp","href":"https:\/\/api.w.org\/{rel}","templated":true}]}}