{"id":138,"date":"2015-04-17T17:09:25","date_gmt":"2015-04-17T16:09:25","guid":{"rendered":"http:\/\/www.tricon.it\/?page_id=138"},"modified":"2015-05-19T12:25:50","modified_gmt":"2015-05-19T11:25:50","slug":"schreinerei","status":"publish","type":"page","link":"http:\/\/www.tricon.it\/de\/spritzanlagen\/schreinerei\/","title":{"rendered":"Schreinerei"},"content":{"rendered":"<p>[vc_row][vc_column width=&#8220;1\/3&#8243;][vc_column_text]<\/p>\n<h3>INTEGRIERTE SYSTEML\u00d6SUNGEN F\u00dcR DIE LACKIERUNG VON SPEZIELLEN ELEMENTEN ODER VON TEILEN MIT BESONDEREN MASSEN<\/h3>\n<p>[\/vc_column_text][vc_column_text]Um eine optimale Lackierung auch im Bereich Metallbau-Industrie zu erreichen hat die Firma TRICON leistungsf\u00e4hige L\u00f6sungen entwickelt, wie: Stahl-W\u00e4rmetauscher, Gas- und \u00d6lbrenner mit direkter sowie indirekter Befeuerung, sowie Warmwasser-Systeme.<br \/>\nBeleuchtung: Deckenkassetten, schr\u00e4g oder eben; in der Seitenwand integrierte Kassetten oder senkrechte Eckleuchte \u00e0 4 oder 6 Neonr\u00f6hren.<br \/>\nWagen Br\u00fccken, Hub- und Arbeitsb\u00fchnen sind weitere Austattungsmerkmale, die in die Anlagen TRICON integriert werden k\u00f6nnen: L\u00f6sungen, die unsere <strong> Kompetenz und Zuverl\u00e4ssigkeit best\u00e4tigen.<\/strong>.[\/vc_column_text][\/vc_column][vc_column width=&#8220;1\/3&#8243;][vc_column_text]<\/p>\n<h3>RISCALDAMENTO<\/h3>\n<p>[\/vc_column_text]<ul class='shortcode type-arrows '><li><span class=\"red_box\"><i class='fa fa-angle-right '><\/i><\/span>Con scambiatore di calore<\/li><li><span class=\"red_box\"><i class='fa fa-angle-right '><\/i><\/span>Con bruciatore a gasolio e a gas<\/li><li><span class=\"red_box\"><i class='fa fa-angle-right '><\/i><\/span>Con batteria ad acqua calda<\/li><li><span class=\"red_box\"><i class='fa fa-angle-right '><\/i><\/span>Con sistemi in vena d&#8217;aria<\/li><\/ul>[vc_separator color=&#8220;grey&#8220; align=&#8220;align_center&#8220; style=&#8220;&#8220; border_width=&#8220;&#8220; el_width=&#8220;&#8220;][vc_column_text]<\/p>\n<h3>ILLUMINAZIONE<\/h3>\n<p>[\/vc_column_text]<ul class='shortcode type-arrows '><li><span class=\"red_box\"><i class='fa fa-angle-right '><\/i><\/span>Con plafoniere superiori, inclinate o piane<\/li><li><span class=\"red_box\"><i class='fa fa-angle-right '><\/i><\/span>Con plafoniere laterali o\u00a0 verticali-angolari<\/li><\/ul>[\/vc_column][vc_column width=&#8220;1\/3&#8243;][vc_gallery type=&#8220;flexslider_fade&#8220; interval=&#8220;3&#8243; images=&#8220;604,603,602,601&#8243; onclick=&#8220;link_image&#8220; custom_links_target=&#8220;_self&#8220; img_size=&#8220;370&#215;370&#8243;][\/vc_column][\/vc_row]<\/p>\n","protected":false},"excerpt":{"rendered":"<p>[vc_row][vc_column width=&#8220;1\/3&#8243;][vc_column_text]<\/p>\n<p> INTEGRIERTE SYSTEML\u00d6SUNGEN F\u00dcR DIE LACKIERUNG VON SPEZIELLEN ELEMENTEN ODER VON TEILEN MIT BESONDEREN MASSEN <\/p>\n<p>[\/vc_column_text][vc_column_text]Um eine optimale Lackierung auch im Bereich Metallbau-Industrie zu erreichen hat die Firma TRICON leistungsf\u00e4hige L\u00f6sungen entwickelt, wie: Stahl-W\u00e4rmetauscher, Gas- und \u00d6lbrenner mit direkter sowie indirekter Befeuerung, sowie Warmwasser-Systeme.<br \/> Beleuchtung: Deckenkassetten, schr\u00e4g oder eben; in der Seitenwand integrierte Kassetten oder senkrechte Eckleuchte \u00e0 4 oder 6 Neonr\u00f6hren.<br \/> Wagen Br\u00fccken, Hub- und Arbeitsb\u00fchnen sind weitere Austattungsmerkmale, die in die Anlagen TRICON integriert werden k\u00f6nnen: L\u00f6sungen, die unsere <strong> Kompetenz und Zuverl\u00e4ssigkeit best\u00e4tigen.<\/strong>.[\/vc_column_text][\/vc_column][vc_column width=&#8220;1\/3&#8243;][vc_column_text]<\/p>\n<p> RISCALDAMENTO <\/p>\n<p>[\/vc_column_text][vc_separator color=&#8220;grey&#8220; align=&#8220;align_center&#8220; style=&#8220;&#8220; border_width=&#8220;&#8220; el_width=&#8220;&#8220;][vc_column_text]<\/p>\n<p> ILLUMINAZIONE <\/p>\n<p>[\/vc_column_text][\/vc_column][vc_column width=&#8220;1\/3&#8243;][vc_gallery type=&#8220;flexslider_fade&#8220; interval=&#8220;3&#8243; images=&#8220;604,603,602,601&#8243; onclick=&#8220;link_image&#8220; custom_links_target=&#8220;_self&#8220; img_size=&#8220;370&#215;370&#8243;][\/vc_column][\/vc_row]<\/p>\n","protected":false},"author":3,"featured_media":0,"parent":123,"menu_order":0,"comment_status":"closed","ping_status":"closed","template":"","meta":{"_mi_skip_tracking":false,"_monsterinsights_sitenote_active":false,"_monsterinsights_sitenote_note":"","_monsterinsights_sitenote_category":0},"yoast_head":"<!-- This site is optimized with the Yoast SEO plugin v19.14 - https:\/\/yoast.com\/wordpress\/plugins\/seo\/ -->\n<title>Impianti di verniciatura per legno - Tricon<\/title>\n<meta name=\"description\" content=\"Tricon nella nuova generazione di impianti, realizza soluzioni e impianti di verniciatura per falegnami e impianti di verniciatura per legno.\" \/>\n<meta name=\"robots\" content=\"index, follow, max-snippet:-1, max-image-preview:large, max-video-preview:-1\" \/>\n<link rel=\"canonical\" href=\"http:\/\/www.tricon.it\/de\/spritzanlagen\/schreinerei\/\" \/>\n<meta property=\"og:locale\" content=\"de_DE\" \/>\n<meta property=\"og:type\" content=\"article\" \/>\n<meta property=\"og:title\" content=\"Impianti di verniciatura per legno - Tricon\" \/>\n<meta property=\"og:description\" content=\"Tricon nella nuova generazione di impianti, realizza soluzioni e impianti di verniciatura per falegnami e impianti di verniciatura per legno.\" \/>\n<meta property=\"og:url\" content=\"http:\/\/www.tricon.it\/de\/spritzanlagen\/schreinerei\/\" \/>\n<meta property=\"article:modified_time\" content=\"2015-05-19T11:25:50+00:00\" \/>\n<meta name=\"twitter:label1\" content=\"Gesch\u00e4tzte Lesezeit\" \/>\n\t<meta name=\"twitter:data1\" content=\"1\u00a0Minute\" \/>\n<script type=\"application\/ld+json\" class=\"yoast-schema-graph\">{\"@context\":\"https:\/\/schema.org\",\"@graph\":[{\"@type\":\"WebPage\",\"@id\":\"http:\/\/www.tricon.it\/de\/spritzanlagen\/schreinerei\/\",\"url\":\"http:\/\/www.tricon.it\/de\/spritzanlagen\/schreinerei\/\",\"name\":\"Impianti di verniciatura per legno - Tricon\",\"isPartOf\":{\"@id\":\"https:\/\/www.tricon.it\/#website\"},\"datePublished\":\"2015-04-17T16:09:25+00:00\",\"dateModified\":\"2015-05-19T11:25:50+00:00\",\"description\":\"Tricon nella nuova generazione di impianti, realizza soluzioni e impianti di verniciatura per falegnami e impianti di verniciatura per legno.\",\"breadcrumb\":{\"@id\":\"http:\/\/www.tricon.it\/de\/spritzanlagen\/schreinerei\/#breadcrumb\"},\"inLanguage\":\"de\",\"potentialAction\":[{\"@type\":\"ReadAction\",\"target\":[\"http:\/\/www.tricon.it\/de\/spritzanlagen\/schreinerei\/\"]}]},{\"@type\":\"BreadcrumbList\",\"@id\":\"http:\/\/www.tricon.it\/de\/spritzanlagen\/schreinerei\/#breadcrumb\",\"itemListElement\":[{\"@type\":\"ListItem\",\"position\":1,\"name\":\"Home\",\"item\":\"http:\/\/www.tricon.it\/de\/\"},{\"@type\":\"ListItem\",\"position\":2,\"name\":\"SPRITZANLAGEN\",\"item\":\"http:\/\/www.tricon.it\/de\/spritzanlagen\/\"},{\"@type\":\"ListItem\",\"position\":3,\"name\":\"Schreinerei\"}]},{\"@type\":\"WebSite\",\"@id\":\"https:\/\/www.tricon.it\/#website\",\"url\":\"https:\/\/www.tricon.it\/\",\"name\":\"\",\"description\":\"\",\"publisher\":{\"@id\":\"https:\/\/www.tricon.it\/#organization\"},\"potentialAction\":[{\"@type\":\"SearchAction\",\"target\":{\"@type\":\"EntryPoint\",\"urlTemplate\":\"https:\/\/www.tricon.it\/?s={search_term_string}\"},\"query-input\":\"required name=search_term_string\"}],\"inLanguage\":\"de\"},{\"@type\":\"Organization\",\"@id\":\"https:\/\/www.tricon.it\/#organization\",\"name\":\"TRICON Impianti di verniciatura\",\"url\":\"https:\/\/www.tricon.it\/\",\"logo\":{\"@type\":\"ImageObject\",\"inLanguage\":\"de\",\"@id\":\"https:\/\/www.tricon.it\/#\/schema\/logo\/image\/\",\"url\":\"http:\/\/www.tricon.it\/wp-content\/uploads\/2015\/04\/LOGO-Tricon65hv2.png\",\"contentUrl\":\"http:\/\/www.tricon.it\/wp-content\/uploads\/2015\/04\/LOGO-Tricon65hv2.png\",\"width\":116,\"height\":65,\"caption\":\"TRICON Impianti di verniciatura\"},\"image\":{\"@id\":\"https:\/\/www.tricon.it\/#\/schema\/logo\/image\/\"}}]}<\/script>\n<!-- \/ Yoast SEO plugin. -->","yoast_head_json":{"title":"Impianti di verniciatura per legno - Tricon","description":"Tricon nella nuova generazione di impianti, realizza soluzioni e impianti di verniciatura per falegnami e impianti di verniciatura per legno.","robots":{"index":"index","follow":"follow","max-snippet":"max-snippet:-1","max-image-preview":"max-image-preview:large","max-video-preview":"max-video-preview:-1"},"canonical":"http:\/\/www.tricon.it\/de\/spritzanlagen\/schreinerei\/","og_locale":"de_DE","og_type":"article","og_title":"Impianti di verniciatura per legno - Tricon","og_description":"Tricon nella nuova generazione di impianti, realizza soluzioni e impianti di verniciatura per falegnami e impianti di verniciatura per legno.","og_url":"http:\/\/www.tricon.it\/de\/spritzanlagen\/schreinerei\/","article_modified_time":"2015-05-19T11:25:50+00:00","twitter_misc":{"Gesch\u00e4tzte Lesezeit":"1\u00a0Minute"},"schema":{"@context":"https:\/\/schema.org","@graph":[{"@type":"WebPage","@id":"http:\/\/www.tricon.it\/de\/spritzanlagen\/schreinerei\/","url":"http:\/\/www.tricon.it\/de\/spritzanlagen\/schreinerei\/","name":"Impianti di verniciatura per legno - Tricon","isPartOf":{"@id":"https:\/\/www.tricon.it\/#website"},"datePublished":"2015-04-17T16:09:25+00:00","dateModified":"2015-05-19T11:25:50+00:00","description":"Tricon nella nuova generazione di impianti, realizza soluzioni e impianti di verniciatura per falegnami e impianti di verniciatura per legno.","breadcrumb":{"@id":"http:\/\/www.tricon.it\/de\/spritzanlagen\/schreinerei\/#breadcrumb"},"inLanguage":"de","potentialAction":[{"@type":"ReadAction","target":["http:\/\/www.tricon.it\/de\/spritzanlagen\/schreinerei\/"]}]},{"@type":"BreadcrumbList","@id":"http:\/\/www.tricon.it\/de\/spritzanlagen\/schreinerei\/#breadcrumb","itemListElement":[{"@type":"ListItem","position":1,"name":"Home","item":"http:\/\/www.tricon.it\/de\/"},{"@type":"ListItem","position":2,"name":"SPRITZANLAGEN","item":"http:\/\/www.tricon.it\/de\/spritzanlagen\/"},{"@type":"ListItem","position":3,"name":"Schreinerei"}]},{"@type":"WebSite","@id":"https:\/\/www.tricon.it\/#website","url":"https:\/\/www.tricon.it\/","name":"","description":"","publisher":{"@id":"https:\/\/www.tricon.it\/#organization"},"potentialAction":[{"@type":"SearchAction","target":{"@type":"EntryPoint","urlTemplate":"https:\/\/www.tricon.it\/?s={search_term_string}"},"query-input":"required name=search_term_string"}],"inLanguage":"de"},{"@type":"Organization","@id":"https:\/\/www.tricon.it\/#organization","name":"TRICON Impianti di verniciatura","url":"https:\/\/www.tricon.it\/","logo":{"@type":"ImageObject","inLanguage":"de","@id":"https:\/\/www.tricon.it\/#\/schema\/logo\/image\/","url":"http:\/\/www.tricon.it\/wp-content\/uploads\/2015\/04\/LOGO-Tricon65hv2.png","contentUrl":"http:\/\/www.tricon.it\/wp-content\/uploads\/2015\/04\/LOGO-Tricon65hv2.png","width":116,"height":65,"caption":"TRICON Impianti di verniciatura"},"image":{"@id":"https:\/\/www.tricon.it\/#\/schema\/logo\/image\/"}}]}},"_links":{"self":[{"href":"http:\/\/www.tricon.it\/de\/wp-json\/wp\/v2\/pages\/138"}],"collection":[{"href":"http:\/\/www.tricon.it\/de\/wp-json\/wp\/v2\/pages"}],"about":[{"href":"http:\/\/www.tricon.it\/de\/wp-json\/wp\/v2\/types\/page"}],"author":[{"embeddable":true,"href":"http:\/\/www.tricon.it\/de\/wp-json\/wp\/v2\/users\/3"}],"replies":[{"embeddable":true,"href":"http:\/\/www.tricon.it\/de\/wp-json\/wp\/v2\/comments?post=138"}],"version-history":[{"count":4,"href":"http:\/\/www.tricon.it\/de\/wp-json\/wp\/v2\/pages\/138\/revisions"}],"predecessor-version":[{"id":608,"href":"http:\/\/www.tricon.it\/de\/wp-json\/wp\/v2\/pages\/138\/revisions\/608"}],"up":[{"embeddable":true,"href":"http:\/\/www.tricon.it\/de\/wp-json\/wp\/v2\/pages\/123"}],"wp:attachment":[{"href":"http:\/\/www.tricon.it\/de\/wp-json\/wp\/v2\/media?parent=138"}],"curies":[{"name":"wp","href":"https:\/\/api.w.org\/{rel}","templated":true}]}}