{"id":129,"date":"2015-04-17T17:04:48","date_gmt":"2015-04-17T16:04:48","guid":{"rendered":"http:\/\/www.tricon.it\/?page_id=129"},"modified":"2015-05-18T09:03:33","modified_gmt":"2015-05-18T08:03:33","slug":"vorbereitungsplatze","status":"publish","type":"page","link":"http:\/\/www.tricon.it\/de\/spritzanlagen\/karosseriebereich\/vorbereitungsplatze\/","title":{"rendered":"Vorbereitungspl\u00e4tze"},"content":{"rendered":"<p>[vc_row][vc_column width=&#8220;1\/2&#8243;][vc_column_text]<\/p>\n<h3>MASSANFERTIGUNGEN F\u00dcR SCHNELLE UND WIRKUNGSVOLLE REPARATUREN<\/h3>\n<p>[\/vc_column_text][vc_column_text]Neben der Hochwertigkeit der verwendeten Materialen, der Zuverl\u00e4ssigkeit und der Bedienungsfreundlichkeit bieten die Anlage TRICON weitere besonderen Eigenschaften: vertikale Ab-und Zuluftstr\u00f6mung; Luft\/Str\u00f6mung &#8222;power kit&#8220;; feuerfeste Vorh\u00e4nge mit Sichtfenstern und elektrischer Bet\u00e4tigung; senkrechte Eckleuchten; verzinkte Chassis, die \u00dcberflur auf den Werkstattboden montiert werden k\u00f6nnen; Schr\u00e4nke mit Tablaren ausgestattet f\u00fcr einen sauberen und ordentlichen Arbeitsplatz.[\/vc_column_text][\/vc_column][vc_column width=&#8220;1\/2&#8243;][vc_column_text]<\/p>\n<h3>CUSTOMIZZAZIONE<\/h3>\n<p>[\/vc_column_text]<ul class='shortcode type-arrows '><li><span class=\"red_box\"><i class='fa fa-angle-right '><\/i><\/span>Basi metalliche rialzate<\/li><li><span class=\"red_box\"><i class='fa fa-angle-right '><\/i><\/span>Aspirazioni e mandate\u00a0d&#8217;aria<\/li><li><span class=\"red_box\"><i class='fa fa-angle-right '><\/i><\/span><em>Power kit<\/em>\u00a0aria\/corrente<\/li><li><span class=\"red_box\"><i class='fa fa-angle-right '><\/i><\/span>Tende scorrevoli o ad avvolgimento<\/li><\/ul>[\/vc_column][\/vc_row]<\/p>\n","protected":false},"excerpt":{"rendered":"<p>[vc_row][vc_column width=&#8220;1\/2&#8243;][vc_column_text]<\/p>\n<p> MASSANFERTIGUNGEN F\u00dcR SCHNELLE UND WIRKUNGSVOLLE REPARATUREN <\/p>\n<p>[\/vc_column_text][vc_column_text]Neben der Hochwertigkeit der verwendeten Materialen, der Zuverl\u00e4ssigkeit und der Bedienungsfreundlichkeit bieten die Anlage TRICON weitere besonderen Eigenschaften: vertikale Ab-und Zuluftstr\u00f6mung; Luft\/Str\u00f6mung &#8222;power kit&#8220;; feuerfeste Vorh\u00e4nge mit Sichtfenstern und elektrischer Bet\u00e4tigung; senkrechte Eckleuchten; verzinkte Chassis, die \u00dcberflur auf den Werkstattboden montiert werden k\u00f6nnen; Schr\u00e4nke mit Tablaren ausgestattet f\u00fcr einen sauberen und ordentlichen Arbeitsplatz.[\/vc_column_text][\/vc_column][vc_column width=&#8220;1\/2&#8243;][vc_column_text]<\/p>\n<p> CUSTOMIZZAZIONE <\/p>\n<p>[\/vc_column_text][\/vc_column][\/vc_row]<\/p>\n","protected":false},"author":3,"featured_media":0,"parent":176,"menu_order":0,"comment_status":"closed","ping_status":"closed","template":"","meta":{"_mi_skip_tracking":false,"_monsterinsights_sitenote_active":false,"_monsterinsights_sitenote_note":"","_monsterinsights_sitenote_category":0},"yoast_head":"<!-- This site is optimized with the Yoast SEO plugin v19.14 - https:\/\/yoast.com\/wordpress\/plugins\/seo\/ -->\n<title>Zone di preparazione per la verniciatura - Tricon<\/title>\n<meta name=\"description\" content=\"E&#039; importante curare nei minimi dettagli anche le zone di preparazione alla verniciatura per un risultato eccellente. Cabine forno verniciatura Tricon.\" \/>\n<meta name=\"robots\" content=\"index, follow, max-snippet:-1, max-image-preview:large, max-video-preview:-1\" \/>\n<link rel=\"canonical\" href=\"https:\/\/www.tricon.it\/de\/spritzanlagen\/karosseriebereich\/vorbereitungsplatze\/\" \/>\n<meta property=\"og:locale\" content=\"de_DE\" \/>\n<meta property=\"og:type\" content=\"article\" \/>\n<meta property=\"og:title\" content=\"Zone di preparazione per la verniciatura - Tricon\" \/>\n<meta property=\"og:description\" content=\"E&#039; importante curare nei minimi dettagli anche le zone di preparazione alla verniciatura per un risultato eccellente. Cabine forno verniciatura Tricon.\" \/>\n<meta property=\"og:url\" content=\"https:\/\/www.tricon.it\/de\/spritzanlagen\/karosseriebereich\/vorbereitungsplatze\/\" \/>\n<meta property=\"article:modified_time\" content=\"2015-05-18T08:03:33+00:00\" \/>\n<meta name=\"twitter:label1\" content=\"Gesch\u00e4tzte Lesezeit\" \/>\n\t<meta name=\"twitter:data1\" content=\"1\u00a0Minute\" \/>\n<script type=\"application\/ld+json\" class=\"yoast-schema-graph\">{\"@context\":\"https:\/\/schema.org\",\"@graph\":[{\"@type\":\"WebPage\",\"@id\":\"https:\/\/www.tricon.it\/de\/spritzanlagen\/karosseriebereich\/vorbereitungsplatze\/\",\"url\":\"https:\/\/www.tricon.it\/de\/spritzanlagen\/karosseriebereich\/vorbereitungsplatze\/\",\"name\":\"Zone di preparazione per la verniciatura - Tricon\",\"isPartOf\":{\"@id\":\"https:\/\/www.tricon.it\/#website\"},\"datePublished\":\"2015-04-17T16:04:48+00:00\",\"dateModified\":\"2015-05-18T08:03:33+00:00\",\"description\":\"E' importante curare nei minimi dettagli anche le zone di preparazione alla verniciatura per un risultato eccellente. Cabine forno verniciatura Tricon.\",\"breadcrumb\":{\"@id\":\"https:\/\/www.tricon.it\/de\/spritzanlagen\/karosseriebereich\/vorbereitungsplatze\/#breadcrumb\"},\"inLanguage\":\"de\",\"potentialAction\":[{\"@type\":\"ReadAction\",\"target\":[\"https:\/\/www.tricon.it\/de\/spritzanlagen\/karosseriebereich\/vorbereitungsplatze\/\"]}]},{\"@type\":\"BreadcrumbList\",\"@id\":\"https:\/\/www.tricon.it\/de\/spritzanlagen\/karosseriebereich\/vorbereitungsplatze\/#breadcrumb\",\"itemListElement\":[{\"@type\":\"ListItem\",\"position\":1,\"name\":\"Home\",\"item\":\"http:\/\/www.tricon.it\/de\/\"},{\"@type\":\"ListItem\",\"position\":2,\"name\":\"SPRITZANLAGEN\",\"item\":\"http:\/\/www.tricon.it\/de\/spritzanlagen\/\"},{\"@type\":\"ListItem\",\"position\":3,\"name\":\"Karosseriebereich\",\"item\":\"http:\/\/www.tricon.it\/de\/spritzanlagen\/karosseriebereich\/\"},{\"@type\":\"ListItem\",\"position\":4,\"name\":\"Vorbereitungspl\u00e4tze\"}]},{\"@type\":\"WebSite\",\"@id\":\"https:\/\/www.tricon.it\/#website\",\"url\":\"https:\/\/www.tricon.it\/\",\"name\":\"\",\"description\":\"\",\"publisher\":{\"@id\":\"https:\/\/www.tricon.it\/#organization\"},\"potentialAction\":[{\"@type\":\"SearchAction\",\"target\":{\"@type\":\"EntryPoint\",\"urlTemplate\":\"https:\/\/www.tricon.it\/?s={search_term_string}\"},\"query-input\":\"required name=search_term_string\"}],\"inLanguage\":\"de\"},{\"@type\":\"Organization\",\"@id\":\"https:\/\/www.tricon.it\/#organization\",\"name\":\"TRICON Impianti di verniciatura\",\"url\":\"https:\/\/www.tricon.it\/\",\"logo\":{\"@type\":\"ImageObject\",\"inLanguage\":\"de\",\"@id\":\"https:\/\/www.tricon.it\/#\/schema\/logo\/image\/\",\"url\":\"http:\/\/www.tricon.it\/wp-content\/uploads\/2015\/04\/LOGO-Tricon65hv2.png\",\"contentUrl\":\"http:\/\/www.tricon.it\/wp-content\/uploads\/2015\/04\/LOGO-Tricon65hv2.png\",\"width\":116,\"height\":65,\"caption\":\"TRICON Impianti di verniciatura\"},\"image\":{\"@id\":\"https:\/\/www.tricon.it\/#\/schema\/logo\/image\/\"}}]}<\/script>\n<!-- \/ Yoast SEO plugin. -->","yoast_head_json":{"title":"Zone di preparazione per la verniciatura - Tricon","description":"E' importante curare nei minimi dettagli anche le zone di preparazione alla verniciatura per un risultato eccellente. Cabine forno verniciatura Tricon.","robots":{"index":"index","follow":"follow","max-snippet":"max-snippet:-1","max-image-preview":"max-image-preview:large","max-video-preview":"max-video-preview:-1"},"canonical":"https:\/\/www.tricon.it\/de\/spritzanlagen\/karosseriebereich\/vorbereitungsplatze\/","og_locale":"de_DE","og_type":"article","og_title":"Zone di preparazione per la verniciatura - Tricon","og_description":"E' importante curare nei minimi dettagli anche le zone di preparazione alla verniciatura per un risultato eccellente. Cabine forno verniciatura Tricon.","og_url":"https:\/\/www.tricon.it\/de\/spritzanlagen\/karosseriebereich\/vorbereitungsplatze\/","article_modified_time":"2015-05-18T08:03:33+00:00","twitter_misc":{"Gesch\u00e4tzte Lesezeit":"1\u00a0Minute"},"schema":{"@context":"https:\/\/schema.org","@graph":[{"@type":"WebPage","@id":"https:\/\/www.tricon.it\/de\/spritzanlagen\/karosseriebereich\/vorbereitungsplatze\/","url":"https:\/\/www.tricon.it\/de\/spritzanlagen\/karosseriebereich\/vorbereitungsplatze\/","name":"Zone di preparazione per la verniciatura - Tricon","isPartOf":{"@id":"https:\/\/www.tricon.it\/#website"},"datePublished":"2015-04-17T16:04:48+00:00","dateModified":"2015-05-18T08:03:33+00:00","description":"E' importante curare nei minimi dettagli anche le zone di preparazione alla verniciatura per un risultato eccellente. Cabine forno verniciatura Tricon.","breadcrumb":{"@id":"https:\/\/www.tricon.it\/de\/spritzanlagen\/karosseriebereich\/vorbereitungsplatze\/#breadcrumb"},"inLanguage":"de","potentialAction":[{"@type":"ReadAction","target":["https:\/\/www.tricon.it\/de\/spritzanlagen\/karosseriebereich\/vorbereitungsplatze\/"]}]},{"@type":"BreadcrumbList","@id":"https:\/\/www.tricon.it\/de\/spritzanlagen\/karosseriebereich\/vorbereitungsplatze\/#breadcrumb","itemListElement":[{"@type":"ListItem","position":1,"name":"Home","item":"http:\/\/www.tricon.it\/de\/"},{"@type":"ListItem","position":2,"name":"SPRITZANLAGEN","item":"http:\/\/www.tricon.it\/de\/spritzanlagen\/"},{"@type":"ListItem","position":3,"name":"Karosseriebereich","item":"http:\/\/www.tricon.it\/de\/spritzanlagen\/karosseriebereich\/"},{"@type":"ListItem","position":4,"name":"Vorbereitungspl\u00e4tze"}]},{"@type":"WebSite","@id":"https:\/\/www.tricon.it\/#website","url":"https:\/\/www.tricon.it\/","name":"","description":"","publisher":{"@id":"https:\/\/www.tricon.it\/#organization"},"potentialAction":[{"@type":"SearchAction","target":{"@type":"EntryPoint","urlTemplate":"https:\/\/www.tricon.it\/?s={search_term_string}"},"query-input":"required name=search_term_string"}],"inLanguage":"de"},{"@type":"Organization","@id":"https:\/\/www.tricon.it\/#organization","name":"TRICON Impianti di verniciatura","url":"https:\/\/www.tricon.it\/","logo":{"@type":"ImageObject","inLanguage":"de","@id":"https:\/\/www.tricon.it\/#\/schema\/logo\/image\/","url":"http:\/\/www.tricon.it\/wp-content\/uploads\/2015\/04\/LOGO-Tricon65hv2.png","contentUrl":"http:\/\/www.tricon.it\/wp-content\/uploads\/2015\/04\/LOGO-Tricon65hv2.png","width":116,"height":65,"caption":"TRICON Impianti di verniciatura"},"image":{"@id":"https:\/\/www.tricon.it\/#\/schema\/logo\/image\/"}}]}},"_links":{"self":[{"href":"http:\/\/www.tricon.it\/de\/wp-json\/wp\/v2\/pages\/129"}],"collection":[{"href":"http:\/\/www.tricon.it\/de\/wp-json\/wp\/v2\/pages"}],"about":[{"href":"http:\/\/www.tricon.it\/de\/wp-json\/wp\/v2\/types\/page"}],"author":[{"embeddable":true,"href":"http:\/\/www.tricon.it\/de\/wp-json\/wp\/v2\/users\/3"}],"replies":[{"embeddable":true,"href":"http:\/\/www.tricon.it\/de\/wp-json\/wp\/v2\/comments?post=129"}],"version-history":[{"count":2,"href":"http:\/\/www.tricon.it\/de\/wp-json\/wp\/v2\/pages\/129\/revisions"}],"predecessor-version":[{"id":569,"href":"http:\/\/www.tricon.it\/de\/wp-json\/wp\/v2\/pages\/129\/revisions\/569"}],"up":[{"embeddable":true,"href":"http:\/\/www.tricon.it\/de\/wp-json\/wp\/v2\/pages\/176"}],"wp:attachment":[{"href":"http:\/\/www.tricon.it\/de\/wp-json\/wp\/v2\/media?parent=129"}],"curies":[{"name":"wp","href":"https:\/\/api.w.org\/{rel}","templated":true}]}}