{"id":113,"date":"2015-04-17T16:50:17","date_gmt":"2015-04-17T15:50:17","guid":{"rendered":"http:\/\/www.tricon.it\/?page_id=113"},"modified":"2015-05-18T11:13:11","modified_gmt":"2015-05-18T10:13:11","slug":"wer-wir-sind","status":"publish","type":"page","link":"http:\/\/www.tricon.it\/de\/wer-wir-sind\/","title":{"rendered":"Wer wir sind"},"content":{"rendered":"<p>[vc_row][vc_column width=&#8220;1\/1&#8243;][vc_column_text]<\/p>\n<h3>Industrielle Lackierung<\/h3>\n<p>[\/vc_column_text][vc_column_text]<strong>INNOVATION IST IN DER LUFT. Leistung, Qualit\u00e4t und Energieeinsparung.<\/strong><\/p>\n<p>Die Firma TRICON befindet sich in den Marken, wenige km von Ancona entfernt. Dank der 30-j\u00e4hrigen Erfahrung im Bereich der Herstellung von Spritzanlagen nach Ma\u00df kann heute das Unternehmen das wichtige Ziel verfolgen, F\u00fchrungsfirma f\u00fcr die Herstellung von hochwertigen und innovativen Produkten zu werden.<\/p>\n<p>Der direkte Kontakt mit den Kunden und das Kennen ihrer Berd\u00fcrfnisse erm\u00f6glichen eine st\u00e4ndige Entwicklung und Vervollkommung der Produkte, um fortw\u00e4hrende Steigerung der Produktivit\u00e4t\u00a0und der Energiesparung, mit besonderer Beachtung des Umweltschutzes und der Gesundheit und Sicherheit der Arbeiter zu erreichen.[\/vc_column_text][\/vc_column][\/vc_row]<\/p>\n","protected":false},"excerpt":{"rendered":"<p>[vc_row][vc_column width=&#8220;1\/1&#8243;][vc_column_text]<\/p>\n<p> Industrielle Lackierung <\/p>\n<p>[\/vc_column_text][vc_column_text]<strong>INNOVATION IST IN DER LUFT. Leistung, Qualit\u00e4t und Energieeinsparung.<\/strong><\/p>\n<p>Die Firma TRICON befindet sich in den Marken, wenige km von Ancona entfernt. Dank der 30-j\u00e4hrigen Erfahrung im Bereich der Herstellung von Spritzanlagen nach Ma\u00df kann heute das Unternehmen das wichtige Ziel verfolgen, F\u00fchrungsfirma f\u00fcr die Herstellung von hochwertigen und innovativen Produkten zu werden.<\/p>\n<p>Der direkte Kontakt mit den Kunden und das Kennen ihrer Berd\u00fcrfnisse erm\u00f6glichen eine st\u00e4ndige Entwicklung und Vervollkommung der Produkte, um fortw\u00e4hrende Steigerung der Produktivit\u00e4t\u00a0und der Energiesparung, mit besonderer Beachtung des Umweltschutzes und der Gesundheit und Sicherheit der Arbeiter zu erreichen.[\/vc_column_text][\/vc_column][\/vc_row]<\/p>\n","protected":false},"author":3,"featured_media":0,"parent":0,"menu_order":0,"comment_status":"closed","ping_status":"closed","template":"","meta":{"_mi_skip_tracking":false,"_monsterinsights_sitenote_active":false,"_monsterinsights_sitenote_note":"","_monsterinsights_sitenote_category":0},"yoast_head":"<!-- This site is optimized with the Yoast SEO plugin v19.14 - https:\/\/yoast.com\/wordpress\/plugins\/seo\/ -->\n<title>Chi siamo - Impianti di verniciatura industriale Tricon<\/title>\n<meta name=\"description\" content=\"Impianti di verniciatura industriale su misura e forni per carrozzeria, attenzione al risparmio energetico e alla competitivit\u00e0. Scopri di pi\u00f9 su Tricon!\" \/>\n<meta name=\"robots\" content=\"index, follow, max-snippet:-1, max-image-preview:large, max-video-preview:-1\" \/>\n<link rel=\"canonical\" href=\"http:\/\/www.tricon.it\/de\/wer-wir-sind\/\" \/>\n<meta property=\"og:locale\" content=\"de_DE\" \/>\n<meta property=\"og:type\" content=\"article\" \/>\n<meta property=\"og:title\" content=\"Chi siamo - Impianti di verniciatura industriale Tricon\" \/>\n<meta property=\"og:description\" content=\"Impianti di verniciatura industriale su misura e forni per carrozzeria, attenzione al risparmio energetico e alla competitivit\u00e0. Scopri di pi\u00f9 su Tricon!\" \/>\n<meta property=\"og:url\" content=\"http:\/\/www.tricon.it\/de\/wer-wir-sind\/\" \/>\n<meta property=\"article:modified_time\" content=\"2015-05-18T10:13:11+00:00\" \/>\n<meta name=\"twitter:label1\" content=\"Gesch\u00e4tzte Lesezeit\" \/>\n\t<meta name=\"twitter:data1\" content=\"1\u00a0Minute\" \/>\n<script type=\"application\/ld+json\" class=\"yoast-schema-graph\">{\"@context\":\"https:\/\/schema.org\",\"@graph\":[{\"@type\":\"WebPage\",\"@id\":\"http:\/\/www.tricon.it\/de\/wer-wir-sind\/\",\"url\":\"http:\/\/www.tricon.it\/de\/wer-wir-sind\/\",\"name\":\"Chi siamo - Impianti di verniciatura industriale Tricon\",\"isPartOf\":{\"@id\":\"http:\/\/www.tricon.it\/#website\"},\"datePublished\":\"2015-04-17T15:50:17+00:00\",\"dateModified\":\"2015-05-18T10:13:11+00:00\",\"description\":\"Impianti di verniciatura industriale su misura e forni per carrozzeria, attenzione al risparmio energetico e alla competitivit\u00e0. Scopri di pi\u00f9 su Tricon!\",\"breadcrumb\":{\"@id\":\"http:\/\/www.tricon.it\/de\/wer-wir-sind\/#breadcrumb\"},\"inLanguage\":\"de\",\"potentialAction\":[{\"@type\":\"ReadAction\",\"target\":[\"http:\/\/www.tricon.it\/de\/wer-wir-sind\/\"]}]},{\"@type\":\"BreadcrumbList\",\"@id\":\"http:\/\/www.tricon.it\/de\/wer-wir-sind\/#breadcrumb\",\"itemListElement\":[{\"@type\":\"ListItem\",\"position\":1,\"name\":\"Home\",\"item\":\"http:\/\/www.tricon.it\/de\/\"},{\"@type\":\"ListItem\",\"position\":2,\"name\":\"Wer wir sind\"}]},{\"@type\":\"WebSite\",\"@id\":\"http:\/\/www.tricon.it\/#website\",\"url\":\"http:\/\/www.tricon.it\/\",\"name\":\"\",\"description\":\"\",\"publisher\":{\"@id\":\"http:\/\/www.tricon.it\/#organization\"},\"potentialAction\":[{\"@type\":\"SearchAction\",\"target\":{\"@type\":\"EntryPoint\",\"urlTemplate\":\"http:\/\/www.tricon.it\/?s={search_term_string}\"},\"query-input\":\"required name=search_term_string\"}],\"inLanguage\":\"de\"},{\"@type\":\"Organization\",\"@id\":\"http:\/\/www.tricon.it\/#organization\",\"name\":\"TRICON Impianti di verniciatura\",\"url\":\"http:\/\/www.tricon.it\/\",\"logo\":{\"@type\":\"ImageObject\",\"inLanguage\":\"de\",\"@id\":\"http:\/\/www.tricon.it\/#\/schema\/logo\/image\/\",\"url\":\"http:\/\/www.tricon.it\/wp-content\/uploads\/2015\/04\/LOGO-Tricon65hv2.png\",\"contentUrl\":\"http:\/\/www.tricon.it\/wp-content\/uploads\/2015\/04\/LOGO-Tricon65hv2.png\",\"width\":116,\"height\":65,\"caption\":\"TRICON Impianti di verniciatura\"},\"image\":{\"@id\":\"http:\/\/www.tricon.it\/#\/schema\/logo\/image\/\"}}]}<\/script>\n<!-- \/ Yoast SEO plugin. -->","yoast_head_json":{"title":"Chi siamo - Impianti di verniciatura industriale Tricon","description":"Impianti di verniciatura industriale su misura e forni per carrozzeria, attenzione al risparmio energetico e alla competitivit\u00e0. Scopri di pi\u00f9 su Tricon!","robots":{"index":"index","follow":"follow","max-snippet":"max-snippet:-1","max-image-preview":"max-image-preview:large","max-video-preview":"max-video-preview:-1"},"canonical":"http:\/\/www.tricon.it\/de\/wer-wir-sind\/","og_locale":"de_DE","og_type":"article","og_title":"Chi siamo - Impianti di verniciatura industriale Tricon","og_description":"Impianti di verniciatura industriale su misura e forni per carrozzeria, attenzione al risparmio energetico e alla competitivit\u00e0. Scopri di pi\u00f9 su Tricon!","og_url":"http:\/\/www.tricon.it\/de\/wer-wir-sind\/","article_modified_time":"2015-05-18T10:13:11+00:00","twitter_misc":{"Gesch\u00e4tzte Lesezeit":"1\u00a0Minute"},"schema":{"@context":"https:\/\/schema.org","@graph":[{"@type":"WebPage","@id":"http:\/\/www.tricon.it\/de\/wer-wir-sind\/","url":"http:\/\/www.tricon.it\/de\/wer-wir-sind\/","name":"Chi siamo - Impianti di verniciatura industriale Tricon","isPartOf":{"@id":"http:\/\/www.tricon.it\/#website"},"datePublished":"2015-04-17T15:50:17+00:00","dateModified":"2015-05-18T10:13:11+00:00","description":"Impianti di verniciatura industriale su misura e forni per carrozzeria, attenzione al risparmio energetico e alla competitivit\u00e0. Scopri di pi\u00f9 su Tricon!","breadcrumb":{"@id":"http:\/\/www.tricon.it\/de\/wer-wir-sind\/#breadcrumb"},"inLanguage":"de","potentialAction":[{"@type":"ReadAction","target":["http:\/\/www.tricon.it\/de\/wer-wir-sind\/"]}]},{"@type":"BreadcrumbList","@id":"http:\/\/www.tricon.it\/de\/wer-wir-sind\/#breadcrumb","itemListElement":[{"@type":"ListItem","position":1,"name":"Home","item":"http:\/\/www.tricon.it\/de\/"},{"@type":"ListItem","position":2,"name":"Wer wir sind"}]},{"@type":"WebSite","@id":"http:\/\/www.tricon.it\/#website","url":"http:\/\/www.tricon.it\/","name":"","description":"","publisher":{"@id":"http:\/\/www.tricon.it\/#organization"},"potentialAction":[{"@type":"SearchAction","target":{"@type":"EntryPoint","urlTemplate":"http:\/\/www.tricon.it\/?s={search_term_string}"},"query-input":"required name=search_term_string"}],"inLanguage":"de"},{"@type":"Organization","@id":"http:\/\/www.tricon.it\/#organization","name":"TRICON Impianti di verniciatura","url":"http:\/\/www.tricon.it\/","logo":{"@type":"ImageObject","inLanguage":"de","@id":"http:\/\/www.tricon.it\/#\/schema\/logo\/image\/","url":"http:\/\/www.tricon.it\/wp-content\/uploads\/2015\/04\/LOGO-Tricon65hv2.png","contentUrl":"http:\/\/www.tricon.it\/wp-content\/uploads\/2015\/04\/LOGO-Tricon65hv2.png","width":116,"height":65,"caption":"TRICON Impianti di verniciatura"},"image":{"@id":"http:\/\/www.tricon.it\/#\/schema\/logo\/image\/"}}]}},"_links":{"self":[{"href":"http:\/\/www.tricon.it\/de\/wp-json\/wp\/v2\/pages\/113"}],"collection":[{"href":"http:\/\/www.tricon.it\/de\/wp-json\/wp\/v2\/pages"}],"about":[{"href":"http:\/\/www.tricon.it\/de\/wp-json\/wp\/v2\/types\/page"}],"author":[{"embeddable":true,"href":"http:\/\/www.tricon.it\/de\/wp-json\/wp\/v2\/users\/3"}],"replies":[{"embeddable":true,"href":"http:\/\/www.tricon.it\/de\/wp-json\/wp\/v2\/comments?post=113"}],"version-history":[{"count":6,"href":"http:\/\/www.tricon.it\/de\/wp-json\/wp\/v2\/pages\/113\/revisions"}],"predecessor-version":[{"id":592,"href":"http:\/\/www.tricon.it\/de\/wp-json\/wp\/v2\/pages\/113\/revisions\/592"}],"wp:attachment":[{"href":"http:\/\/www.tricon.it\/de\/wp-json\/wp\/v2\/media?parent=113"}],"curies":[{"name":"wp","href":"https:\/\/api.w.org\/{rel}","templated":true}]}}